{"id":2635,"date":"2019-08-02T16:19:42","date_gmt":"2019-08-02T15:19:42","guid":{"rendered":"https:\/\/miros.cz\/%d0%b3%d0%b0%d0%bb%d0%b0%d0%bd%d1%82%d0%b5%d1%80%d0%b5%d1%8f\/"},"modified":"2021-11-29T17:03:41","modified_gmt":"2021-11-29T16:03:41","slug":"%d0%b3%d0%b0%d0%bb%d0%b0%d0%bd%d1%82%d0%b5%d1%80%d0%b5%d1%8f","status":"publish","type":"page","link":"https:\/\/miros.cz\/ru\/%d0%b3%d0%b0%d0%bb%d0%b0%d0%bd%d1%82%d0%b5%d1%80%d0%b5%d1%8f\/","title":{"rendered":"\u0433\u0430\u043b\u0430\u043d\u0442\u0435\u0440\u0435\u044f"},"content":{"rendered":"\t\t<div data-elementor-type=\"wp-post\" data-elementor-id=\"2635\" class=\"elementor elementor-2635 elementor-153\" data-elementor-post-type=\"page\">\n\t\t\t\t\t\t<section class=\"elementor-section elementor-top-section elementor-element elementor-element-1361b72a elementor-section-height-min-height elementor-section-content-middle elementor-section-boxed elementor-section-height-default elementor-section-items-middle\" data-id=\"1361b72a\" data-element_type=\"section\" data-e-type=\"section\" data-settings=\"{&quot;background_background&quot;:&quot;classic&quot;}\">\n\t\t\t\t\t\t\t<div class=\"elementor-background-overlay\"><\/div>\n\t\t\t\t\t\t\t<div class=\"elementor-container elementor-column-gap-no\">\n\t\t\t\t\t<div class=\"elementor-column elementor-col-50 elementor-top-column elementor-element elementor-element-789d1bbd\" data-id=\"789d1bbd\" data-element_type=\"column\" data-e-type=\"column\">\n\t\t\t<div class=\"elementor-widget-wrap elementor-element-populated\">\n\t\t\t\t\t\t<div class=\"elementor-element elementor-element-1608266c elementor-widget elementor-widget-heading\" data-id=\"1608266c\" data-element_type=\"widget\" data-e-type=\"widget\" data-widget_type=\"heading.default\">\n\t\t\t\t<div class=\"elementor-widget-container\">\n\t\t\t\t\t<h1 class=\"elementor-heading-title elementor-size-default\">\u0433\u0430\u043b\u0430\u043d\u0442\u0435\u0440\u0435\u044f<\/h1>\t\t\t\t<\/div>\n\t\t\t\t<\/div>\n\t\t\t\t<div class=\"elementor-element elementor-element-62476536 elementor-widget elementor-widget-text-editor\" data-id=\"62476536\" data-element_type=\"widget\" data-e-type=\"widget\" data-widget_type=\"text-editor.default\">\n\t\t\t\t<div class=\"elementor-widget-container\">\n\t\t\t\t\t\t\t\t\t<p>\u041c\u044b \u043f\u0440\u0435\u0434\u043b\u0430\u0433\u0430\u0435\u043c \u043e\u0441\u043d\u043e\u0432\u043d\u044b\u0435 \u0442\u043e\u0432\u0430\u0440\u044b \u0433\u0430\u043b\u0430\u043d\u0442\u0435\u0440\u0435\u0438 &#8212; \u043e\u0442 \u043d\u0438\u0442\u043e\u043a \u0438 \u0431\u0443\u043b\u0430\u0432\u043e\u043a, \u0440\u0435\u0437\u0438\u043d\u043e\u043a \u0438 \u0437\u0430\u0441\u0442\u0435\u0436\u0435\u043a-\u043c\u043e\u043b\u043d\u0438\u0439 \u0434\u043e \u0442\u043e\u0432\u0430\u0440\u043e\u0432 \u0434\u043b\u044f \u0432\u044f\u0437\u0430\u043d\u0438\u044f \u043f\u0440\u044f\u0436\u0438 \u0438 \u0438\u0433\u043e\u043b\u043e\u043a.<\/p>\n\t\t\t\t\t\t\t\t<\/div>\n\t\t\t\t<\/div>\n\t\t\t\t\t<\/div>\n\t\t<\/div>\n\t\t\t\t<div class=\"elementor-column elementor-col-50 elementor-top-column elementor-element elementor-element-187bf89c\" data-id=\"187bf89c\" data-element_type=\"column\" data-e-type=\"column\">\n\t\t\t<div class=\"elementor-widget-wrap\">\n\t\t\t\t\t\t\t<\/div>\n\t\t<\/div>\n\t\t\t\t\t<\/div>\n\t\t<\/section>\n\t\t\t\t<section class=\"elementor-section elementor-top-section elementor-element elementor-element-8965410 elementor-section-height-min-height elementor-section-content-middle elementor-section-boxed elementor-section-height-default elementor-section-items-middle\" data-id=\"8965410\" data-element_type=\"section\" data-e-type=\"section\" id=\"navrh_interieru\" data-settings=\"{&quot;background_background&quot;:&quot;classic&quot;}\">\n\t\t\t\t\t\t<div class=\"elementor-container elementor-column-gap-no\">\n\t\t\t\t\t<div class=\"elementor-column elementor-col-50 elementor-top-column elementor-element elementor-element-cfb7f16\" data-id=\"cfb7f16\" data-element_type=\"column\" data-e-type=\"column\">\n\t\t\t<div class=\"elementor-widget-wrap elementor-element-populated\">\n\t\t\t\t\t\t<div class=\"elementor-section elementor-inner-section elementor-element elementor-element-38bd916f elementor-section-full_width elementor-section-content-middle elementor-section-height-default elementor-section-height-default\" data-id=\"38bd916f\" data-element_type=\"section\" data-e-type=\"section\">\n\t\t\t\t\t\t<div class=\"elementor-container elementor-column-gap-no\">\n\t\t\t\t\t<div class=\"elementor-column elementor-col-50 elementor-inner-column elementor-element elementor-element-1212bee7\" data-id=\"1212bee7\" data-element_type=\"column\" data-e-type=\"column\">\n\t\t\t<div class=\"elementor-widget-wrap elementor-element-populated\">\n\t\t\t\t\t\t<div class=\"elementor-element elementor-element-58afad99 elementor-widget elementor-widget-heading\" data-id=\"58afad99\" data-element_type=\"widget\" data-e-type=\"widget\" data-widget_type=\"heading.default\">\n\t\t\t\t<div class=\"elementor-widget-container\">\n\t\t\t\t\t<h2 class=\"elementor-heading-title elementor-size-default\">\u041e\u0431\u0449\u0430\u044f \u0433\u0430\u043b\u0430\u043d\u0442\u0435\u0440\u0435\u044f<\/h2>\t\t\t\t<\/div>\n\t\t\t\t<\/div>\n\t\t\t\t\t<\/div>\n\t\t<\/div>\n\t\t\t\t<div class=\"elementor-column elementor-col-50 elementor-inner-column elementor-element elementor-element-3218b04c\" data-id=\"3218b04c\" data-element_type=\"column\" data-e-type=\"column\">\n\t\t\t<div class=\"elementor-widget-wrap elementor-element-populated\">\n\t\t\t\t\t\t<div class=\"elementor-element elementor-element-397caa8 elementor-widget elementor-widget-image\" data-id=\"397caa8\" data-element_type=\"widget\" data-e-type=\"widget\" data-widget_type=\"image.default\">\n\t\t\t\t<div class=\"elementor-widget-container\">\n\t\t\t\t\t\t\t\t\t\t\t\t\t\t\t<img decoding=\"async\" width=\"1\" height=\"1\" src=\"https:\/\/miros.cz\/wp-content\/uploads\/2019\/05\/metraz.svg\" class=\"attachment-thumbnail size-thumbnail wp-image-362\" alt=\"metraz\" title=\"\">\t\t\t\t\t\t\t\t\t\t\t\t\t\t\t<\/div>\n\t\t\t\t<\/div>\n\t\t\t\t\t<\/div>\n\t\t<\/div>\n\t\t\t\t\t<\/div>\n\t\t<\/div>\n\t\t\t\t<div class=\"elementor-element elementor-element-2bd7170 elementor-widget-divider--view-line elementor-widget elementor-widget-divider\" data-id=\"2bd7170\" data-element_type=\"widget\" data-e-type=\"widget\" data-widget_type=\"divider.default\">\n\t\t\t\t<div class=\"elementor-widget-container\">\n\t\t\t\t\t\t\t<div class=\"elementor-divider\">\n\t\t\t<span class=\"elementor-divider-separator\">\n\t\t\t\t\t\t<\/span>\n\t\t<\/div>\n\t\t\t\t\t\t<\/div>\n\t\t\t\t<\/div>\n\t\t\t\t<div class=\"elementor-element elementor-element-6a82d646 elementor-widget elementor-widget-text-editor\" data-id=\"6a82d646\" data-element_type=\"widget\" data-e-type=\"widget\" data-widget_type=\"text-editor.default\">\n\t\t\t\t<div class=\"elementor-widget-container\">\n\t\t\t\t\t\t\t\t\t<p>\u0411\u043e\u043b\u044c\u0448\u0438\u043c \u043f\u0440\u0435\u0438\u043c\u0443\u0449\u0435\u0441\u0442\u0432\u043e\u043c \u043d\u0430\u0448\u0435\u0433\u043e \u043c\u0430\u0433\u0430\u0437\u0438\u043d\u0430 \u0432 DBK \u044f\u0432\u043b\u044f\u0435\u0442\u0441\u044f \u0433\u0430\u043b\u0430\u043d\u0442\u0435\u0440\u0435\u044f, \u043a\u043e\u0442\u043e\u0440\u0443\u044e \u0432\u0441\u0451 \u0441\u043b\u043e\u0436\u043d\u0435\u0435 \u043d\u0430\u0439\u0442\u0438 \u0432 \u041f\u0440\u0430\u0433\u0435. \u0417\u0434\u0435\u0441\u044c \u0432\u044b \u043c\u043e\u0436\u0435\u0442\u0435 \u043d\u0430\u0439\u0442\u0438 \u0430\u0441\u0441\u043e\u0440\u0442\u0438\u043c\u0435\u043d\u0442 \u043a\u0430\u043a \u043d\u0438\u0442\u0435\u0439, \u0442\u0430\u043a \u0438 \u043c\u0435\u0442\u0430\u043b\u043b\u0438\u0447\u0435\u0441\u043a\u0438\u0445 \u0438\u0437\u0434\u0435\u043b\u0438\u0439, \u0430 \u0442\u0430\u043a\u0436\u0435 \u043e\u0441\u043d\u043e\u0432\u043d\u044b\u0435 \u0442\u043e\u0432\u0430\u0440\u044b \u0434\u043b\u044f \u0434\u043e\u043c\u0430\u0448\u043d\u0435\u0433\u043e \u0448\u0438\u0442\u044c\u044f.<\/p>\n\t\t\t\t\t\t\t\t<\/div>\n\t\t\t\t<\/div>\n\t\t\t\t\t<\/div>\n\t\t<\/div>\n\t\t\t\t<div class=\"elementor-column elementor-col-50 elementor-top-column elementor-element elementor-element-11ba89b1\" data-id=\"11ba89b1\" data-element_type=\"column\" data-e-type=\"column\">\n\t\t\t<div class=\"elementor-widget-wrap elementor-element-populated\">\n\t\t\t\t\t\t<div class=\"elementor-element elementor-element-65387d74 elementor-widget__width-initial elementor-absolute elementor-widget-tablet__width-initial elementor-widget-mobile__width-initial elementor-widget elementor-widget-image\" data-id=\"65387d74\" data-element_type=\"widget\" data-e-type=\"widget\" data-settings=\"{&quot;_position&quot;:&quot;absolute&quot;}\" data-widget_type=\"image.default\">\n\t\t\t\t<div class=\"elementor-widget-container\">\n\t\t\t\t\t\t\t\t\t\t\t\t\t\t\t<img decoding=\"async\" src=\"https:\/\/miros.cz\/wp-content\/uploads\/elementor\/thumbs\/B\u011b\u017en\u00e1-galanterie-8-ow4ozgl7zk0o0rdyw38dw8ngyovt7cw766ymxc1kmw.jpg\" title=\"B\u011b\u017en\u00e1-galanterie-8\" alt=\"B\u011b\u017en\u00e1-galanterie-8\" loading=\"lazy\" \/>\t\t\t\t\t\t\t\t\t\t\t\t\t\t\t<\/div>\n\t\t\t\t<\/div>\n\t\t\t\t<div class=\"elementor-element elementor-element-41d543e9 elementor-widget__width-initial elementor-absolute elementor-widget-tablet__width-initial elementor-widget-mobile__width-initial elementor-widget elementor-widget-image\" data-id=\"41d543e9\" data-element_type=\"widget\" data-e-type=\"widget\" data-settings=\"{&quot;_position&quot;:&quot;absolute&quot;}\" data-widget_type=\"image.default\">\n\t\t\t\t<div class=\"elementor-widget-container\">\n\t\t\t\t\t\t\t\t\t\t\t\t\t\t\t<img decoding=\"async\" src=\"https:\/\/miros.cz\/wp-content\/uploads\/elementor\/thumbs\/B\u011b\u017en\u00e1-galanterie-4-ow4ozgl7zk0o0rdyw38dw8ngyovt7cw766ymxc1kmw.jpg\" title=\"B\u011b\u017en\u00e1-galanterie-4\" alt=\"B\u011b\u017en\u00e1-galanterie-4\" loading=\"lazy\" \/>\t\t\t\t\t\t\t\t\t\t\t\t\t\t\t<\/div>\n\t\t\t\t<\/div>\n\t\t\t\t<div class=\"elementor-element elementor-element-4f573bfc elementor-widget__width-initial elementor-absolute elementor-widget-tablet__width-initial elementor-widget-mobile__width-initial elementor-widget elementor-widget-image\" data-id=\"4f573bfc\" data-element_type=\"widget\" data-e-type=\"widget\" data-settings=\"{&quot;_position&quot;:&quot;absolute&quot;}\" data-widget_type=\"image.default\">\n\t\t\t\t<div class=\"elementor-widget-container\">\n\t\t\t\t\t\t\t\t\t\t\t\t\t\t\t<img fetchpriority=\"high\" decoding=\"async\" width=\"300\" height=\"300\" src=\"https:\/\/miros.cz\/wp-content\/uploads\/2019\/07\/B\u011b\u017en\u00e1-galanterie.jpg\" class=\"attachment-medium size-medium wp-image-2119\" alt=\"B\u011b\u017en\u00e1-galanterie\" srcset=\"https:\/\/miros.cz\/wp-content\/uploads\/2019\/07\/B\u011b\u017en\u00e1-galanterie.jpg 300w, https:\/\/miros.cz\/wp-content\/uploads\/2019\/07\/B\u011b\u017en\u00e1-galanterie-150x150.jpg 150w\" sizes=\"(max-width: 300px) 100vw, 300px\" title=\"\">\t\t\t\t\t\t\t\t\t\t\t\t\t\t\t<\/div>\n\t\t\t\t<\/div>\n\t\t\t\t\t<\/div>\n\t\t<\/div>\n\t\t\t\t\t<\/div>\n\t\t<\/section>\n\t\t\t\t<section class=\"elementor-section elementor-top-section elementor-element elementor-element-7d21f68f elementor-section-height-min-height elementor-section-content-middle elementor-reverse-mobile elementor-section-boxed elementor-section-height-default elementor-section-items-middle\" data-id=\"7d21f68f\" data-element_type=\"section\" data-e-type=\"section\" id=\"zamereni_a_navrh\" data-settings=\"{&quot;background_background&quot;:&quot;classic&quot;}\">\n\t\t\t\t\t\t<div class=\"elementor-container elementor-column-gap-no\">\n\t\t\t\t\t<div class=\"elementor-column elementor-col-50 elementor-top-column elementor-element elementor-element-52cc2681\" data-id=\"52cc2681\" data-element_type=\"column\" data-e-type=\"column\">\n\t\t\t<div class=\"elementor-widget-wrap elementor-element-populated\">\n\t\t\t\t\t\t<div class=\"elementor-element elementor-element-59e22d97 elementor-widget__width-initial elementor-absolute elementor-widget-tablet__width-initial elementor-widget-mobile__width-initial elementor-widget elementor-widget-image\" data-id=\"59e22d97\" data-element_type=\"widget\" data-e-type=\"widget\" data-settings=\"{&quot;_position&quot;:&quot;absolute&quot;}\" data-widget_type=\"image.default\">\n\t\t\t\t<div class=\"elementor-widget-container\">\n\t\t\t\t\t\t\t\t\t\t\t\t\t\t\t<img decoding=\"async\" width=\"300\" height=\"200\" src=\"https:\/\/miros.cz\/wp-content\/uploads\/2019\/06\/Pletac\u00ed-p\u0159\u00edze\u200b-1-300x200.jpg\" class=\"attachment-medium size-medium wp-image-775\" alt=\"Pletac\u00ed-p\u0159\u00edze\u200b-1\" srcset=\"https:\/\/miros.cz\/wp-content\/uploads\/2019\/06\/Pletac\u00ed-p\u0159\u00edze\u200b-1-300x200.jpg 300w, https:\/\/miros.cz\/wp-content\/uploads\/2019\/06\/Pletac\u00ed-p\u0159\u00edze\u200b-1.jpg 640w\" sizes=\"(max-width: 300px) 100vw, 300px\" title=\"\">\t\t\t\t\t\t\t\t\t\t\t\t\t\t\t<\/div>\n\t\t\t\t<\/div>\n\t\t\t\t<div class=\"elementor-element elementor-element-65a5230a elementor-widget__width-initial elementor-absolute elementor-widget-tablet__width-initial elementor-widget-mobile__width-initial elementor-widget elementor-widget-image\" data-id=\"65a5230a\" data-element_type=\"widget\" data-e-type=\"widget\" data-settings=\"{&quot;_position&quot;:&quot;absolute&quot;}\" data-widget_type=\"image.default\">\n\t\t\t\t<div class=\"elementor-widget-container\">\n\t\t\t\t\t\t\t\t\t\t\t\t\t\t\t<img loading=\"lazy\" decoding=\"async\" width=\"300\" height=\"200\" src=\"https:\/\/miros.cz\/wp-content\/uploads\/2019\/06\/Pletac\u00ed-p\u0159\u00edze\u200b-4-300x200.jpg\" class=\"attachment-medium size-medium wp-image-784\" alt=\"Pletac\u00ed-p\u0159\u00edze\u200b-4\" srcset=\"https:\/\/miros.cz\/wp-content\/uploads\/2019\/06\/Pletac\u00ed-p\u0159\u00edze\u200b-4-300x200.jpg 300w, https:\/\/miros.cz\/wp-content\/uploads\/2019\/06\/Pletac\u00ed-p\u0159\u00edze\u200b-4.jpg 640w\" sizes=\"(max-width: 300px) 100vw, 300px\" title=\"\">\t\t\t\t\t\t\t\t\t\t\t\t\t\t\t<\/div>\n\t\t\t\t<\/div>\n\t\t\t\t<div class=\"elementor-element elementor-element-1d057ceb elementor-widget__width-initial elementor-absolute elementor-widget-tablet__width-initial elementor-widget-mobile__width-initial elementor-widget elementor-widget-image\" data-id=\"1d057ceb\" data-element_type=\"widget\" data-e-type=\"widget\" data-settings=\"{&quot;_position&quot;:&quot;absolute&quot;}\" data-widget_type=\"image.default\">\n\t\t\t\t<div class=\"elementor-widget-container\">\n\t\t\t\t\t\t\t\t\t\t\t\t\t\t\t<img decoding=\"async\" src=\"https:\/\/miros.cz\/wp-content\/uploads\/elementor\/thumbs\/Pletac\u00ed-p\u0159\u00edze\u200b-3-ow4ozgl8lhellgsoxibqoq5nafriwaigtciazk0p4o.jpg\" title=\"Pletac\u00ed-p\u0159\u00edze\u200b-3\" alt=\"Pletac\u00ed-p\u0159\u00edze\u200b-3\" loading=\"lazy\" \/>\t\t\t\t\t\t\t\t\t\t\t\t\t\t\t<\/div>\n\t\t\t\t<\/div>\n\t\t\t\t\t<\/div>\n\t\t<\/div>\n\t\t\t\t<div class=\"elementor-column elementor-col-50 elementor-top-column elementor-element elementor-element-68e8fa00\" data-id=\"68e8fa00\" data-element_type=\"column\" data-e-type=\"column\">\n\t\t\t<div class=\"elementor-widget-wrap elementor-element-populated\">\n\t\t\t\t\t\t<div class=\"elementor-section elementor-inner-section elementor-element elementor-element-2e2b3f8c elementor-section-full_width elementor-section-content-middle elementor-section-height-default elementor-section-height-default\" data-id=\"2e2b3f8c\" data-element_type=\"section\" data-e-type=\"section\">\n\t\t\t\t\t\t<div class=\"elementor-container elementor-column-gap-no\">\n\t\t\t\t\t<div class=\"elementor-column elementor-col-50 elementor-inner-column elementor-element elementor-element-7e8d7702\" data-id=\"7e8d7702\" data-element_type=\"column\" data-e-type=\"column\">\n\t\t\t<div class=\"elementor-widget-wrap elementor-element-populated\">\n\t\t\t\t\t\t<div class=\"elementor-element elementor-element-4cf4dfcc elementor-widget elementor-widget-heading\" data-id=\"4cf4dfcc\" data-element_type=\"widget\" data-e-type=\"widget\" data-widget_type=\"heading.default\">\n\t\t\t\t<div class=\"elementor-widget-container\">\n\t\t\t\t\t<h2 class=\"elementor-heading-title elementor-size-default\">\u0412\u044f\u0437\u0430\u043d\u0438\u0435 \u043f\u0440\u044f\u0436\u0438<\/h2>\t\t\t\t<\/div>\n\t\t\t\t<\/div>\n\t\t\t\t\t<\/div>\n\t\t<\/div>\n\t\t\t\t<div class=\"elementor-column elementor-col-50 elementor-inner-column elementor-element elementor-element-75496562\" data-id=\"75496562\" data-element_type=\"column\" data-e-type=\"column\">\n\t\t\t<div class=\"elementor-widget-wrap elementor-element-populated\">\n\t\t\t\t\t\t<div class=\"elementor-element elementor-element-3858cb8a elementor-widget elementor-widget-image\" data-id=\"3858cb8a\" data-element_type=\"widget\" data-e-type=\"widget\" data-widget_type=\"image.default\">\n\t\t\t\t<div class=\"elementor-widget-container\">\n\t\t\t\t\t\t\t\t\t\t\t\t\t\t\t<img decoding=\"async\" width=\"1\" height=\"1\" src=\"https:\/\/miros.cz\/wp-content\/uploads\/2019\/05\/metraz.svg\" class=\"attachment-thumbnail size-thumbnail wp-image-362\" alt=\"metraz\" title=\"\">\t\t\t\t\t\t\t\t\t\t\t\t\t\t\t<\/div>\n\t\t\t\t<\/div>\n\t\t\t\t\t<\/div>\n\t\t<\/div>\n\t\t\t\t\t<\/div>\n\t\t<\/div>\n\t\t\t\t<div class=\"elementor-element elementor-element-5eebe0c elementor-widget-divider--view-line elementor-widget elementor-widget-divider\" data-id=\"5eebe0c\" data-element_type=\"widget\" data-e-type=\"widget\" data-widget_type=\"divider.default\">\n\t\t\t\t<div class=\"elementor-widget-container\">\n\t\t\t\t\t\t\t<div class=\"elementor-divider\">\n\t\t\t<span class=\"elementor-divider-separator\">\n\t\t\t\t\t\t<\/span>\n\t\t<\/div>\n\t\t\t\t\t\t<\/div>\n\t\t\t\t<\/div>\n\t\t\t\t<div class=\"elementor-element elementor-element-20ad8af3 elementor-widget elementor-widget-text-editor\" data-id=\"20ad8af3\" data-element_type=\"widget\" data-e-type=\"widget\" data-widget_type=\"text-editor.default\">\n\t\t\t\t<div class=\"elementor-widget-container\">\n\t\t\t\t\t\t\t\t\t<p>\u041c\u044b \u0442\u0430\u043a\u0436\u0435 \u043f\u0440\u0435\u0434\u043b\u0430\u0433\u0430\u0435\u043c \u043e\u0441\u043d\u043e\u0432\u043d\u044b\u0435 \u0442\u043e\u0432\u0430\u0440\u044b \u043f\u043e \u0432\u044f\u0437\u0430\u043d\u0438\u044e \u043f\u0440\u044f\u0436\u0438 &#8212; \u0430\u043a\u0440\u0438\u043b\u043e\u0432\u0430\u044f, \u0445\u043b\u043e\u043f\u043a\u043e\u0432\u0430\u044f, \u0431\u0430\u043c\u0431\u0443\u043a\u043e\u0432\u0430\u044f \u0438 \u0441\u043c\u0435\u0448\u0430\u043d\u043d\u0430\u044f \u043f\u0440\u044f\u0436\u0430. \u0418\u0433\u043b\u044b, \u043a\u043b\u0430\u0441\u0441\u0438\u0447\u0435\u0441\u043a\u0438\u0435 \u0438 \u043a\u0440\u0443\u0433\u043b\u044b\u0435, \u0438 \u043a\u0440\u044e\u0447\u043a\u0438 \u0441\u0430\u043c\u043e \u0441\u043e\u0431\u043e\u0439 \u0440\u0430\u0437\u0443\u043c\u0435\u044e\u0449\u0435\u0435\u0441\u044f.<\/p>\n\t\t\t\t\t\t\t\t<\/div>\n\t\t\t\t<\/div>\n\t\t\t\t\t<\/div>\n\t\t<\/div>\n\t\t\t\t\t<\/div>\n\t\t<\/section>\n\t\t\t\t<\/div>\n\t\t","protected":false},"excerpt":{"rendered":"<p>\u0433\u0430\u043b\u0430\u043d\u0442\u0435\u0440\u0435\u044f \u041c\u044b \u043f\u0440\u0435\u0434\u043b\u0430\u0433\u0430\u0435\u043c \u043e\u0441\u043d\u043e\u0432\u043d\u044b\u0435 \u0442\u043e\u0432\u0430\u0440\u044b \u0433\u0430\u043b\u0430\u043d\u0442\u0435\u0440\u0435\u0438 &#8212; \u043e\u0442 \u043d\u0438\u0442\u043e\u043a \u0438 \u0431\u0443\u043b\u0430\u0432\u043e\u043a, \u0440\u0435\u0437\u0438\u043d\u043e\u043a \u0438 \u0437\u0430\u0441\u0442\u0435\u0436\u0435\u043a-\u043c\u043e\u043b\u043d\u0438\u0439 \u0434\u043e \u0442\u043e\u0432\u0430\u0440\u043e\u0432 \u0434\u043b\u044f \u0432\u044f\u0437\u0430\u043d\u0438\u044f \u043f\u0440\u044f\u0436\u0438 \u0438 \u0438\u0433\u043e\u043b\u043e\u043a. \u041e\u0431\u0449\u0430\u044f \u0433\u0430\u043b\u0430\u043d\u0442\u0435\u0440\u0435\u044f \u0411\u043e\u043b\u044c\u0448\u0438\u043c \u043f\u0440\u0435\u0438\u043c\u0443\u0449\u0435\u0441\u0442\u0432\u043e\u043c \u043d\u0430\u0448\u0435\u0433\u043e \u043c\u0430\u0433\u0430\u0437\u0438\u043d\u0430 \u0432 DBK \u044f\u0432\u043b\u044f\u0435\u0442\u0441\u044f \u0433\u0430\u043b\u0430\u043d\u0442\u0435\u0440\u0435\u044f, \u043a\u043e\u0442\u043e\u0440\u0443\u044e \u0432\u0441\u0451 \u0441\u043b\u043e\u0436\u043d\u0435\u0435 \u043d\u0430\u0439\u0442\u0438 \u0432 \u041f\u0440\u0430\u0433\u0435. \u0417\u0434\u0435\u0441\u044c \u0432\u044b \u043c\u043e\u0436\u0435\u0442\u0435 \u043d\u0430\u0439\u0442\u0438 \u0430\u0441\u0441\u043e\u0440\u0442\u0438\u043c\u0435\u043d\u0442 \u043a\u0430\u043a \u043d\u0438\u0442\u0435\u0439, \u0442\u0430\u043a \u0438 \u043c\u0435\u0442\u0430\u043b\u043b\u0438\u0447\u0435\u0441\u043a\u0438\u0445 \u0438\u0437\u0434\u0435\u043b\u0438\u0439, \u0430 \u0442\u0430\u043a\u0436\u0435 \u043e\u0441\u043d\u043e\u0432\u043d\u044b\u0435 \u0442\u043e\u0432\u0430\u0440\u044b \u0434\u043b\u044f \u0434\u043e\u043c\u0430\u0448\u043d\u0435\u0433\u043e \u0448\u0438\u0442\u044c\u044f. [&hellip;]<\/p>\n","protected":false},"author":1,"featured_media":0,"parent":0,"menu_order":6,"comment_status":"closed","ping_status":"closed","template":"elementor_header_footer","meta":{"uix_meta_title":"","uix_meta_description":"","uix_canonical_url":"","footnotes":""},"class_list":["post-2635","page","type-page","status-publish","hentry"],"_links":{"self":[{"href":"https:\/\/miros.cz\/ru\/wp-json\/wp\/v2\/pages\/2635","targetHints":{"allow":["GET"]}}],"collection":[{"href":"https:\/\/miros.cz\/ru\/wp-json\/wp\/v2\/pages"}],"about":[{"href":"https:\/\/miros.cz\/ru\/wp-json\/wp\/v2\/types\/page"}],"author":[{"embeddable":true,"href":"https:\/\/miros.cz\/ru\/wp-json\/wp\/v2\/users\/1"}],"replies":[{"embeddable":true,"href":"https:\/\/miros.cz\/ru\/wp-json\/wp\/v2\/comments?post=2635"}],"version-history":[{"count":0,"href":"https:\/\/miros.cz\/ru\/wp-json\/wp\/v2\/pages\/2635\/revisions"}],"wp:attachment":[{"href":"https:\/\/miros.cz\/ru\/wp-json\/wp\/v2\/media?parent=2635"}],"curies":[{"name":"wp","href":"https:\/\/api.w.org\/{rel}","templated":true}]}}